{"id":11030,"date":"2016-01-18T21:18:44","date_gmt":"2016-01-18T20:18:44","guid":{"rendered":"http:\/\/www.presalesmarketing-blog.com\/?page_id=11030"},"modified":"2023-05-17T13:49:20","modified_gmt":"2023-05-17T11:49:20","slug":"kostenfreie-webinare","status":"publish","type":"page","link":"https:\/\/nabenhauer-consulting.com\/blog\/kostenfreie-webinare\/","title":{"rendered":"Kostenfreie Webinare"},"content":{"rendered":"<p><strong>Hier finden Sie eine \u00dcbersicht einiger kostenfreier Webinare von uns, welche regelm\u00e4\u00dfig abgehalten werden:<\/strong><\/p>\n<p><a class=\"external\" href=\"https:\/\/covl.io\/webinar-erstellung\" target=\"_blank\" rel=\"noopener noreferrer nofollow\">Wir erstellen Ihr Webinar f\u00fcr Sie<\/a><\/p>\n<p><a class=\"external\" href=\"https:\/\/www.affilitracking.com\/webinar-sales-funnel-anmeldeseite\/\" target=\"_blank\" rel=\"noopener noreferrer nofollow\">Kostenloses Webinar: Sales Funnels f\u00fcr Anf\u00e4nger<\/a><\/p>\n<p><a class=\"external\" href=\"https:\/\/social-magnet-lead-system.funnelcockpit.com\/\" target=\"_blank\" rel=\"noopener noreferrer nofollow\">Social Magnet Lead System Webinar<\/a><\/p>\n<p><a class=\"external\" href=\"https:\/\/covl.io\/verkaufsrevolution\" target=\"_blank\" rel=\"noopener noreferrer nofollow\">Virtuelle Verkaufsmethode<\/a><\/p>\n<p><a class=\"external\" href=\"https:\/\/covl.io\/werbeanzeigen-webinar\" target=\"_blank\" rel=\"noopener noreferrer nofollow\">The Best of Werbeanzeigen. Endlich ein System, mit dem Sie Werbeanzeigen smart und kosteng\u00fcnstig nutzen<\/a><\/p>\n<p><a class=\"external\" href=\"https:\/\/covl.io\/webinar-wartung\" target=\"_blank\" rel=\"noopener noreferrer nofollow\">Cyberattacken. Das wie, wer und warum \u2013 und wie Sie sich vor der Gefahr sch\u00fctzen k\u00f6nnen<\/a><\/p>\n<p><a class=\"external\" href=\"https:\/\/covl.io\/ihre-webseite-ist-unbrauchbar\" target=\"_blank\" rel=\"noopener noreferrer nofollow\">Webdesign Webinar<\/a><\/p>\n<p><a class=\"external\" href=\"https:\/\/covl.io\/internet-marketing-webinar\" target=\"_blank\" rel=\"noopener noreferrer nofollow\">Internet Marketing<\/a><\/p>\n<p><a class=\"external\" href=\"https:\/\/www.webeinladung.presalesmarketing.com\/socialmedia\/\" target=\"_blank\" rel=\"noopener noreferrer nofollow\">5 Minuten Social Media Management \u2013 Xing f\u00fcr die Google Positionierung nutzen<\/a><\/p>\n<p><a href=\"https:\/\/nabenhauer-consulting.com\/google-top-platzierung-webinar\/\" target=\"_blank\" rel=\"noopener noreferrer\" data-mil=\"4229\">Google Top Platzierung Webinar<\/a><\/p>\n<p><a href=\"https:\/\/nabenhauer-consulting.com\/google-platzierung-reseller-webinar\/\" target=\"_blank\" rel=\"noopener noreferrer\" data-mil=\"4229\">Google Top Platzierung Affiliate Webinar<\/a><\/p>\n<p><a href=\"https:\/\/nabenhauer-consulting.com\/social-media-kontaktaufbau-webinar\/\" target=\"_blank\" rel=\"noopener noreferrer\" data-mil=\"4229\">Webinar: \u00dcberSocial Media Kundenkontakte aufbauen<\/a><\/p>\n<p><a href=\"https:\/\/nabenhauer-consulting.com\/sales-webinar\/\" target=\"_blank\" rel=\"noopener noreferrer\" data-mil=\"4229\">Sales Webinar<\/a><\/p>\n<p><a href=\"https:\/\/nabenhauer-consulting.com\/webinar-gastartikelstrategie\/\" target=\"_blank\" rel=\"noopener noreferrer\" data-mil=\"4229\">Expertenstatus mit Gastartikeln aufbauen<\/a><\/p>\n<p><a href=\"http:\/\/wp.presalesmarketing.com\/videomarketingwebinar\/\" target=\"_blank\" rel=\"noopener noreferrer\">Videomarketing Webinar<\/a><\/p>\n<p><a class=\"external\" href=\"http:\/\/www.seo-aufzeichnung.presalesmarketing.com\/\" target=\"_blank\" rel=\"noopener noreferrer nofollow\">Webinar \u201eTraffic Code\u201c<\/a><\/p>\n<p><a class=\"external\" href=\"https:\/\/personalitycheck-online.com\/persoenlichkeit\/kostenlose-webinar-anmeldung-lead-revolution\/\" target=\"_blank\" rel=\"noopener noreferrer nofollow\">Die Lead-Revolution f\u00fcr jedes Online-Business \u2013 Wie Personality Check den klassischen \u201eGoodies\u201c das F\u00fcrchten lehrt!<\/a><\/p>\n<p><a class=\"external\" href=\"https:\/\/personalitycheck-online.com\/persoenlichkeit\/kostenlose-webinar-anmeldung\/\" target=\"_blank\" rel=\"noopener noreferrer nofollow\">Das Potential von Personality Check \u2013 Wie Sie mit nur einem Produkt unbegrenzte Einkommensstr\u00f6me \u00fcber mehrere Ebenen aufbauen!<\/a><\/p>\n<p><a class=\"external\" href=\"https:\/\/personalitycheck-online.com\/persoenlichkeit\/Leadgewinnung-Webinar\" target=\"_blank\" rel=\"noopener noreferrer nofollow\">Weltneuheit: Ein Tool, unendliche M\u00f6glichkeiten mit Pers\u00f6nlichkeitsauswertungen zu mehr Leads, mehr Umsatz und passivem Einkommen!<\/a><\/p>\n<p><a class=\"external\" href=\"https:\/\/personalitycheck-online.com\/persoenlichkeit\/whitelabel-webinareinladung\" target=\"_blank\" rel=\"noopener noreferrer nofollow\">Wie Sie mit einem Produkt, f\u00fcr das sich alleine auf Facebook t\u00e4glich 79.000 Menschen interessieren, online erfolgreich Geld verdienen!<\/a><\/p>\n<p><a class=\"external\" href=\"https:\/\/personalitycheck-online.com\/persoenlichkeit\/die-1-minuten-loesung-zur-persoenlichkeits-dna-entschluesselung-therapeuten\/\" target=\"_blank\" rel=\"noopener noreferrer nofollow\">Mehr Klienten, mehr Umsatz, mehr Erfolg \u2013 Wie Therapeuten mit genial einfachen Pers\u00f6nlichkeitsanalysen den Turbo f\u00fcr ihr Gesch\u00e4ft z\u00fcnden!<\/a><\/p>\n<p><a class=\"external\" href=\"https:\/\/personalitycheck-online.com\/persoenlichkeit\/FAQ-Webinar-Whitelabel-Trainer-Therapeuten\" target=\"_blank\" rel=\"noopener noreferrer nofollow\">\u201eFragen &amp; Antworten zu Personality Check: Warum unser Tool Ihr Business als Trainer, Berater, Coach oder Therapeut auf ein v\u00f6llig neues Level heben kann!\u201c<\/a><\/p>\n<p><a class=\"external\" href=\"https:\/\/personalitycheck-online.com\/persoenlichkeit\/webinar-dna-entschluesselung-in-einer-minute\/\" target=\"_blank\" rel=\"noopener noreferrer nofollow\">Die Geheimwaffe f\u00fcr Trainer, Berater und Coaches: Mehr Leads, mehr Kunden und passive Einnahmen mit Personality Check!<\/a><\/p>\n<p><a class=\"external\" href=\"https:\/\/affiliate.personalitycheck-online.com\/affiliate-webinar-personality-check\" target=\"_blank\" rel=\"noopener noreferrer nofollow\">Online Seminar mit Steffen Deter<\/a><\/p>\n<p><a class=\"external\" href=\"http:\/\/www.aufzeichnung.presalesmarketing.com\/socialmedia\/\" target=\"_blank\" rel=\"noopener noreferrer nofollow\">Webinar \u201eFragen &amp; Antworten zu SocialMedia Club\u201c<\/a><\/p>\n","protected":false},"excerpt":{"rendered":"<p>Hier finden Sie eine \u00dcbersicht einiger kostenfreier Webinare von uns, welche regelm\u00e4\u00dfig abgehalten werden: Wir erstellen&hellip;<\/p>\n","protected":false},"author":2,"featured_media":0,"parent":0,"menu_order":0,"comment_status":"closed","ping_status":"closed","template":"","meta":{"footnotes":""},"class_list":["post-11030","page","type-page","status-publish","hentry"],"yoast_head":"<!-- This site is optimized with the Yoast SEO plugin v27.5 - https:\/\/yoast.com\/product\/yoast-seo-wordpress\/ -->\n<title>\u25b7Kostenfreie Webinare - PreSales Marketing<\/title>\n<meta name=\"robots\" content=\"index, follow, max-snippet:-1, max-image-preview:large, max-video-preview:-1\" \/>\n<link rel=\"canonical\" href=\"https:\/\/nabenhauer-consulting.com\/blog\/kostenfreie-webinare\/\" \/>\n<meta name=\"twitter:label1\" content=\"Gesch\u00e4tzte Lesezeit\" \/>\n\t<meta name=\"twitter:data1\" content=\"2\u00a0Minuten\" \/>\n<script type=\"application\/ld+json\" class=\"yoast-schema-graph\">{\"@context\":\"https:\\\/\\\/schema.org\",\"@graph\":[{\"@type\":\"WebPage\",\"@id\":\"https:\\\/\\\/nabenhauer-consulting.com\\\/blog\\\/kostenfreie-webinare\\\/\",\"url\":\"https:\\\/\\\/nabenhauer-consulting.com\\\/blog\\\/kostenfreie-webinare\\\/\",\"name\":\"\u25b7Kostenfreie Webinare - PreSales Marketing\",\"isPartOf\":{\"@id\":\"https:\\\/\\\/nabenhauer-consulting.com\\\/blog\\\/#website\"},\"datePublished\":\"2016-01-18T20:18:44+00:00\",\"dateModified\":\"2023-05-17T11:49:20+00:00\",\"breadcrumb\":{\"@id\":\"https:\\\/\\\/nabenhauer-consulting.com\\\/blog\\\/kostenfreie-webinare\\\/#breadcrumb\"},\"inLanguage\":\"de\",\"potentialAction\":[{\"@type\":\"ReadAction\",\"target\":[\"https:\\\/\\\/nabenhauer-consulting.com\\\/blog\\\/kostenfreie-webinare\\\/\"]}]},{\"@type\":\"BreadcrumbList\",\"@id\":\"https:\\\/\\\/nabenhauer-consulting.com\\\/blog\\\/kostenfreie-webinare\\\/#breadcrumb\",\"itemListElement\":[{\"@type\":\"ListItem\",\"position\":1,\"name\":\"Home\",\"item\":\"https:\\\/\\\/nabenhauer-consulting.com\\\/blog\\\/\"},{\"@type\":\"ListItem\",\"position\":2,\"name\":\"Kostenfreie Webinare\"}]},{\"@type\":\"WebSite\",\"@id\":\"https:\\\/\\\/nabenhauer-consulting.com\\\/blog\\\/#website\",\"url\":\"https:\\\/\\\/nabenhauer-consulting.com\\\/blog\\\/\",\"name\":\"PreSales Marketing\",\"description\":\"Das Erfolgsprinzip\",\"potentialAction\":[{\"@type\":\"SearchAction\",\"target\":{\"@type\":\"EntryPoint\",\"urlTemplate\":\"https:\\\/\\\/nabenhauer-consulting.com\\\/blog\\\/?s={search_term_string}\"},\"query-input\":{\"@type\":\"PropertyValueSpecification\",\"valueRequired\":true,\"valueName\":\"search_term_string\"}}],\"inLanguage\":\"de\"}]}<\/script>\n<!-- \/ Yoast SEO plugin. -->","yoast_head_json":{"title":"\u25b7Kostenfreie Webinare - PreSales Marketing","robots":{"index":"index","follow":"follow","max-snippet":"max-snippet:-1","max-image-preview":"max-image-preview:large","max-video-preview":"max-video-preview:-1"},"canonical":"https:\/\/nabenhauer-consulting.com\/blog\/kostenfreie-webinare\/","twitter_misc":{"Gesch\u00e4tzte Lesezeit":"2\u00a0Minuten"},"schema":{"@context":"https:\/\/schema.org","@graph":[{"@type":"WebPage","@id":"https:\/\/nabenhauer-consulting.com\/blog\/kostenfreie-webinare\/","url":"https:\/\/nabenhauer-consulting.com\/blog\/kostenfreie-webinare\/","name":"\u25b7Kostenfreie Webinare - PreSales Marketing","isPartOf":{"@id":"https:\/\/nabenhauer-consulting.com\/blog\/#website"},"datePublished":"2016-01-18T20:18:44+00:00","dateModified":"2023-05-17T11:49:20+00:00","breadcrumb":{"@id":"https:\/\/nabenhauer-consulting.com\/blog\/kostenfreie-webinare\/#breadcrumb"},"inLanguage":"de","potentialAction":[{"@type":"ReadAction","target":["https:\/\/nabenhauer-consulting.com\/blog\/kostenfreie-webinare\/"]}]},{"@type":"BreadcrumbList","@id":"https:\/\/nabenhauer-consulting.com\/blog\/kostenfreie-webinare\/#breadcrumb","itemListElement":[{"@type":"ListItem","position":1,"name":"Home","item":"https:\/\/nabenhauer-consulting.com\/blog\/"},{"@type":"ListItem","position":2,"name":"Kostenfreie Webinare"}]},{"@type":"WebSite","@id":"https:\/\/nabenhauer-consulting.com\/blog\/#website","url":"https:\/\/nabenhauer-consulting.com\/blog\/","name":"PreSales Marketing","description":"Das Erfolgsprinzip","potentialAction":[{"@type":"SearchAction","target":{"@type":"EntryPoint","urlTemplate":"https:\/\/nabenhauer-consulting.com\/blog\/?s={search_term_string}"},"query-input":{"@type":"PropertyValueSpecification","valueRequired":true,"valueName":"search_term_string"}}],"inLanguage":"de"}]}},"_links":{"self":[{"href":"https:\/\/nabenhauer-consulting.com\/blog\/wp-json\/wp\/v2\/pages\/11030","targetHints":{"allow":["GET"]}}],"collection":[{"href":"https:\/\/nabenhauer-consulting.com\/blog\/wp-json\/wp\/v2\/pages"}],"about":[{"href":"https:\/\/nabenhauer-consulting.com\/blog\/wp-json\/wp\/v2\/types\/page"}],"author":[{"embeddable":true,"href":"https:\/\/nabenhauer-consulting.com\/blog\/wp-json\/wp\/v2\/users\/2"}],"replies":[{"embeddable":true,"href":"https:\/\/nabenhauer-consulting.com\/blog\/wp-json\/wp\/v2\/comments?post=11030"}],"version-history":[{"count":2,"href":"https:\/\/nabenhauer-consulting.com\/blog\/wp-json\/wp\/v2\/pages\/11030\/revisions"}],"predecessor-version":[{"id":35257,"href":"https:\/\/nabenhauer-consulting.com\/blog\/wp-json\/wp\/v2\/pages\/11030\/revisions\/35257"}],"wp:attachment":[{"href":"https:\/\/nabenhauer-consulting.com\/blog\/wp-json\/wp\/v2\/media?parent=11030"}],"curies":[{"name":"wp","href":"https:\/\/api.w.org\/{rel}","templated":true}]}}